{"id":1918,"date":"2023-08-25T16:24:22","date_gmt":"2023-08-25T20:24:22","guid":{"rendered":"https:\/\/espace.melri.com\/?post_type=product&#038;p=1918"},"modified":"2025-11-20T14:59:30","modified_gmt":"2025-11-20T19:59:30","slug":"cahier-de-notes-edition-brise-docean","status":"publish","type":"product","link":"https:\/\/espace.melri.com\/en\/boutique\/cahiers-numeriques\/cahier-de-notes-edition-brise-docean\/","title":{"rendered":"Notebook \u2013 Ocean Breeze Edition"},"content":{"rendered":"<ul>\n<li>8 sections to customize<\/li>\n<li>10 different page styles:\n<ul>\n<li>Blank<\/li>\n<li>Lined<\/li>\n<li>Lined with margin<\/li>\n<li>Dotted<\/li>\n<li>Grid<\/li>\n<li>Cornell lign\u00e9e<\/li>\n<li>Cornell pointill\u00e9e<\/li>\n<li>To-Do<\/li>\n<li>To-Do 2 columns<\/li>\n<li>Mixed<\/li>\n<\/ul>\n<\/li>\n<li>Hyperlinks to easily navigate between the different sections<\/li>\n<li>2 versions included: numbered section and unnumbered section<\/li>\n<li>Color palette with HEX code<\/li>\n<li>BONUS: 176 stickers in PNG format<\/li>\n<\/ul>\n<p><strong><u>What's included:<\/u><\/strong><\/p>\n<ul>\n<li>A notebook (PDF) with numbered sections<\/li>\n<li>A notebook (PDF) with unnumbered sections<\/li>\n<li>File with stickers in PNG format<\/li>\n<li>A user guide document<\/li>\n<\/ul>\n<p>&nbsp;<\/p>\n<p><strong>This product can be used by a single user.<br \/>\n<\/strong><strong>No reproduction, resale or distribution is permitted.<\/strong><\/p>\n<p>Please note that since this product is digital and downloadable upon purchase, no refunds, exchanges or cancellations will be accepted.<\/p>\n<ul>\n<li style=\"list-style-type: none;\"><\/li>\n<\/ul>","protected":false},"excerpt":{"rendered":"<p>Use this digital notebook to organize your ideas.<br \/>\nA simple and practical solution that allows you to draw, write and let your imagination run wild.<\/p>","protected":false},"featured_media":1920,"comment_status":"open","ping_status":"closed","template":"","meta":[],"product_brand":[],"product_cat":[48],"product_tag":[49],"class_list":{"0":"post-1918","1":"product","2":"type-product","3":"status-publish","4":"has-post-thumbnail","6":"product_cat-cahiers-numeriques","7":"product_tag-cahier-de-notes","9":"first","10":"instock","11":"downloadable","12":"virtual","13":"sold-individually","14":"taxable","15":"purchasable","16":"product-type-simple"},"yoast_head":"<!-- This site is optimized with the Yoast SEO plugin v27.5 - https:\/\/yoast.com\/product\/yoast-seo-wordpress\/ -->\n<title>Cahier de notes - \u00c9dition Brise d&#039;oc\u00e9an - Espace Melri<\/title>\n<meta name=\"description\" content=\"Le planificateur parfait pour mettre sur papier les id\u00e9es qu&#039;on a en t\u00eate pour un nouveau projet.\u00a0\" \/>\n<meta name=\"robots\" content=\"index, follow, max-snippet:-1, max-image-preview:large, max-video-preview:-1\" \/>\n<link rel=\"canonical\" href=\"https:\/\/espace.melri.com\/en\/boutique\/cahiers-numeriques\/cahier-de-notes-edition-brise-docean\/\" \/>\n<meta property=\"og:locale\" content=\"en_US\" \/>\n<meta property=\"og:type\" content=\"article\" \/>\n<meta property=\"og:title\" content=\"Cahier de notes - \u00c9dition Brise d&#039;oc\u00e9an - Espace Melri\" \/>\n<meta property=\"og:description\" content=\"Le planificateur parfait pour mettre sur papier les id\u00e9es qu&#039;on a en t\u00eate pour un nouveau projet.\u00a0\" \/>\n<meta property=\"og:url\" content=\"https:\/\/espace.melri.com\/en\/boutique\/cahiers-numeriques\/cahier-de-notes-edition-brise-docean\/\" \/>\n<meta property=\"og:site_name\" content=\"Espace Melri\" \/>\n<meta property=\"article:modified_time\" content=\"2025-11-20T19:59:30+00:00\" \/>\n<meta property=\"og:image\" content=\"https:\/\/espace.melri.com\/wp-content\/uploads\/2023\/08\/Cahier_notes_Ocean_Image-principale-min.jpg\" \/>\n\t<meta property=\"og:image:width\" content=\"1200\" \/>\n\t<meta property=\"og:image:height\" content=\"1200\" \/>\n\t<meta property=\"og:image:type\" content=\"image\/jpeg\" \/>\n<meta name=\"twitter:card\" content=\"summary_large_image\" \/>\n<meta name=\"twitter:label1\" content=\"Est. reading time\" \/>\n\t<meta name=\"twitter:data1\" content=\"1 minute\" \/>\n<script type=\"application\/ld+json\" class=\"yoast-schema-graph\">{\"@context\":\"https:\\\/\\\/schema.org\",\"@graph\":[{\"@type\":\"WebPage\",\"@id\":\"https:\\\/\\\/espace.melri.com\\\/boutique\\\/cahiers-numeriques\\\/cahier-de-notes-edition-brise-docean\\\/\",\"url\":\"https:\\\/\\\/espace.melri.com\\\/boutique\\\/cahiers-numeriques\\\/cahier-de-notes-edition-brise-docean\\\/\",\"name\":\"Cahier de notes - \u00c9dition Brise d'oc\u00e9an - Espace Melri\",\"isPartOf\":{\"@id\":\"https:\\\/\\\/espace.melri.com\\\/#website\"},\"primaryImageOfPage\":{\"@id\":\"https:\\\/\\\/espace.melri.com\\\/boutique\\\/cahiers-numeriques\\\/cahier-de-notes-edition-brise-docean\\\/#primaryimage\"},\"image\":{\"@id\":\"https:\\\/\\\/espace.melri.com\\\/boutique\\\/cahiers-numeriques\\\/cahier-de-notes-edition-brise-docean\\\/#primaryimage\"},\"thumbnailUrl\":\"https:\\\/\\\/espace.melri.com\\\/wp-content\\\/uploads\\\/2023\\\/08\\\/Cahier_notes_Ocean_Image-principale-min.jpg\",\"datePublished\":\"2023-08-25T20:24:22+00:00\",\"dateModified\":\"2025-11-20T19:59:30+00:00\",\"description\":\"Le planificateur parfait pour mettre sur papier les id\u00e9es qu'on a en t\u00eate pour un nouveau projet.\u00a0\",\"breadcrumb\":{\"@id\":\"https:\\\/\\\/espace.melri.com\\\/boutique\\\/cahiers-numeriques\\\/cahier-de-notes-edition-brise-docean\\\/#breadcrumb\"},\"inLanguage\":\"en-US\",\"potentialAction\":[{\"@type\":\"ReadAction\",\"target\":[\"https:\\\/\\\/espace.melri.com\\\/boutique\\\/cahiers-numeriques\\\/cahier-de-notes-edition-brise-docean\\\/\"]}]},{\"@type\":\"ImageObject\",\"inLanguage\":\"en-US\",\"@id\":\"https:\\\/\\\/espace.melri.com\\\/boutique\\\/cahiers-numeriques\\\/cahier-de-notes-edition-brise-docean\\\/#primaryimage\",\"url\":\"https:\\\/\\\/espace.melri.com\\\/wp-content\\\/uploads\\\/2023\\\/08\\\/Cahier_notes_Ocean_Image-principale-min.jpg\",\"contentUrl\":\"https:\\\/\\\/espace.melri.com\\\/wp-content\\\/uploads\\\/2023\\\/08\\\/Cahier_notes_Ocean_Image-principale-min.jpg\",\"width\":1200,\"height\":1200,\"caption\":\"Cahier notes Ocean\"},{\"@type\":\"BreadcrumbList\",\"@id\":\"https:\\\/\\\/espace.melri.com\\\/boutique\\\/cahiers-numeriques\\\/cahier-de-notes-edition-brise-docean\\\/#breadcrumb\",\"itemListElement\":[{\"@type\":\"ListItem\",\"position\":1,\"name\":\"Boutique\",\"item\":\"https:\\\/\\\/espace.melri.com\\\/en\\\/boutique\\\/\"},{\"@type\":\"ListItem\",\"position\":2,\"name\":\"Cahier de notes &#8211; \u00c9dition Brise d&rsquo;oc\u00e9an\"}]},{\"@type\":\"WebSite\",\"@id\":\"https:\\\/\\\/espace.melri.com\\\/#website\",\"url\":\"https:\\\/\\\/espace.melri.com\\\/\",\"name\":\"Espace Melri\",\"description\":\"Inspire, Organise et Planifie... ton quotidien\",\"potentialAction\":[{\"@type\":\"SearchAction\",\"target\":{\"@type\":\"EntryPoint\",\"urlTemplate\":\"https:\\\/\\\/espace.melri.com\\\/?s={search_term_string}\"},\"query-input\":{\"@type\":\"PropertyValueSpecification\",\"valueRequired\":true,\"valueName\":\"search_term_string\"}}],\"inLanguage\":\"en-US\"}]}<\/script>\n<!-- \/ Yoast SEO plugin. -->","yoast_head_json":{"title":"Cahier de notes - \u00c9dition Brise d'oc\u00e9an - Espace Melri","description":"Le planificateur parfait pour mettre sur papier les id\u00e9es qu'on a en t\u00eate pour un nouveau projet.\u00a0","robots":{"index":"index","follow":"follow","max-snippet":"max-snippet:-1","max-image-preview":"max-image-preview:large","max-video-preview":"max-video-preview:-1"},"canonical":"https:\/\/espace.melri.com\/en\/boutique\/cahiers-numeriques\/cahier-de-notes-edition-brise-docean\/","og_locale":"en_US","og_type":"article","og_title":"Cahier de notes - \u00c9dition Brise d'oc\u00e9an - Espace Melri","og_description":"Le planificateur parfait pour mettre sur papier les id\u00e9es qu'on a en t\u00eate pour un nouveau projet.\u00a0","og_url":"https:\/\/espace.melri.com\/en\/boutique\/cahiers-numeriques\/cahier-de-notes-edition-brise-docean\/","og_site_name":"Espace Melri","article_modified_time":"2025-11-20T19:59:30+00:00","og_image":[{"width":1200,"height":1200,"url":"https:\/\/espace.melri.com\/wp-content\/uploads\/2023\/08\/Cahier_notes_Ocean_Image-principale-min.jpg","type":"image\/jpeg"}],"twitter_card":"summary_large_image","twitter_misc":{"Est. reading time":"1 minute"},"schema":{"@context":"https:\/\/schema.org","@graph":[{"@type":"WebPage","@id":"https:\/\/espace.melri.com\/boutique\/cahiers-numeriques\/cahier-de-notes-edition-brise-docean\/","url":"https:\/\/espace.melri.com\/boutique\/cahiers-numeriques\/cahier-de-notes-edition-brise-docean\/","name":"Cahier de notes - \u00c9dition Brise d'oc\u00e9an - Espace Melri","isPartOf":{"@id":"https:\/\/espace.melri.com\/#website"},"primaryImageOfPage":{"@id":"https:\/\/espace.melri.com\/boutique\/cahiers-numeriques\/cahier-de-notes-edition-brise-docean\/#primaryimage"},"image":{"@id":"https:\/\/espace.melri.com\/boutique\/cahiers-numeriques\/cahier-de-notes-edition-brise-docean\/#primaryimage"},"thumbnailUrl":"https:\/\/espace.melri.com\/wp-content\/uploads\/2023\/08\/Cahier_notes_Ocean_Image-principale-min.jpg","datePublished":"2023-08-25T20:24:22+00:00","dateModified":"2025-11-20T19:59:30+00:00","description":"Le planificateur parfait pour mettre sur papier les id\u00e9es qu'on a en t\u00eate pour un nouveau projet.\u00a0","breadcrumb":{"@id":"https:\/\/espace.melri.com\/boutique\/cahiers-numeriques\/cahier-de-notes-edition-brise-docean\/#breadcrumb"},"inLanguage":"en-US","potentialAction":[{"@type":"ReadAction","target":["https:\/\/espace.melri.com\/boutique\/cahiers-numeriques\/cahier-de-notes-edition-brise-docean\/"]}]},{"@type":"ImageObject","inLanguage":"en-US","@id":"https:\/\/espace.melri.com\/boutique\/cahiers-numeriques\/cahier-de-notes-edition-brise-docean\/#primaryimage","url":"https:\/\/espace.melri.com\/wp-content\/uploads\/2023\/08\/Cahier_notes_Ocean_Image-principale-min.jpg","contentUrl":"https:\/\/espace.melri.com\/wp-content\/uploads\/2023\/08\/Cahier_notes_Ocean_Image-principale-min.jpg","width":1200,"height":1200,"caption":"Cahier notes Ocean"},{"@type":"BreadcrumbList","@id":"https:\/\/espace.melri.com\/boutique\/cahiers-numeriques\/cahier-de-notes-edition-brise-docean\/#breadcrumb","itemListElement":[{"@type":"ListItem","position":1,"name":"Boutique","item":"https:\/\/espace.melri.com\/en\/boutique\/"},{"@type":"ListItem","position":2,"name":"Cahier de notes &#8211; \u00c9dition Brise d&rsquo;oc\u00e9an"}]},{"@type":"WebSite","@id":"https:\/\/espace.melri.com\/#website","url":"https:\/\/espace.melri.com\/","name":"Espace Melri","description":"Inspire, Organise et Planifie... ton quotidien","potentialAction":[{"@type":"SearchAction","target":{"@type":"EntryPoint","urlTemplate":"https:\/\/espace.melri.com\/?s={search_term_string}"},"query-input":{"@type":"PropertyValueSpecification","valueRequired":true,"valueName":"search_term_string"}}],"inLanguage":"en-US"}]}},"jetpack_sharing_enabled":true,"_links":{"self":[{"href":"https:\/\/espace.melri.com\/en\/wp-json\/wp\/v2\/product\/1918","targetHints":{"allow":["GET"]}}],"collection":[{"href":"https:\/\/espace.melri.com\/en\/wp-json\/wp\/v2\/product"}],"about":[{"href":"https:\/\/espace.melri.com\/en\/wp-json\/wp\/v2\/types\/product"}],"replies":[{"embeddable":true,"href":"https:\/\/espace.melri.com\/en\/wp-json\/wp\/v2\/comments?post=1918"}],"wp:featuredmedia":[{"embeddable":true,"href":"https:\/\/espace.melri.com\/en\/wp-json\/wp\/v2\/media\/1920"}],"wp:attachment":[{"href":"https:\/\/espace.melri.com\/en\/wp-json\/wp\/v2\/media?parent=1918"}],"wp:term":[{"taxonomy":"product_brand","embeddable":true,"href":"https:\/\/espace.melri.com\/en\/wp-json\/wp\/v2\/product_brand?post=1918"},{"taxonomy":"product_cat","embeddable":true,"href":"https:\/\/espace.melri.com\/en\/wp-json\/wp\/v2\/product_cat?post=1918"},{"taxonomy":"product_tag","embeddable":true,"href":"https:\/\/espace.melri.com\/en\/wp-json\/wp\/v2\/product_tag?post=1918"}],"curies":[{"name":"wp","href":"https:\/\/api.w.org\/{rel}","templated":true}]}}