{"id":1684,"date":"2023-05-17T15:45:59","date_gmt":"2023-05-17T19:45:59","guid":{"rendered":"https:\/\/espace.melri.com\/?post_type=product&#038;p=1684"},"modified":"2024-06-01T00:27:00","modified_gmt":"2024-06-01T04:27:00","slug":"cartes-affirmations","status":"publish","type":"product","link":"https:\/\/espace.melri.com\/en\/boutique\/documents-numeriques\/cartes-affirmations\/","title":{"rendered":"Affirmations  cards"},"content":{"rendered":"<ul>\n<li>54 cartes (2.5 x 3.5 pouces) (6 feuilles incluant 9 cartes chacune)<\/li>\n<li>Affirmations en fran\u00e7ais<\/li>\n<li>Document t\u00e9l\u00e9chargeable en format PDF \u00e0 imprimer<\/li>\n<li>Digital\/downloadable version only. No prints will be sent.<\/li>\n<\/ul>\n<p>&nbsp;<\/p>\n<p><strong>Ce produit peut \u00eatre utilis\u00e9 par un seul utilisateur, pour usage personnel seulement.<br \/>\n<\/strong><strong>No reproduction, resale or distribution is permitted.<\/strong><\/p>\n<p>Please note that since this product is digital and downloadable upon purchase, no refunds, exchanges or cancellations will be accepted.<\/p>","protected":false},"excerpt":{"rendered":"<p>Les cartes d\u2019affirmations de soi sont des outils puissants pour encourager l\u2019estime de soi, la confiance en soi et la positivit\u00e9.<\/p>\n<p>Ces cartes inspirantes sont pr\u00eates \u00e0 \u00eatre t\u00e9l\u00e9charg\u00e9es et imprim\u00e9es chez toi, te permettant ainsi de les utiliser instantan\u00e9ment.<\/p>\n<ol>\n<li>T\u00e9l\u00e9charge le document en format PDF<\/li>\n<li>Imprime-le (de pr\u00e9f\u00e9rence sur un papier cartonn\u00e9)<\/li>\n<li>D\u00e9coupe les cartes en suivant les lignes de coupes<\/li>\n<li>Pige une ou plusieurs cartes chaque jour pour stimuler ta confiance<\/li>\n<\/ol>","protected":false},"featured_media":2050,"comment_status":"open","ping_status":"closed","template":"","meta":[],"product_brand":[],"product_cat":[34],"product_tag":[39],"class_list":{"0":"post-1684","1":"product","2":"type-product","3":"status-publish","4":"has-post-thumbnail","6":"product_cat-documents-numeriques","7":"product_tag-bien-etre","9":"first","10":"instock","11":"downloadable","12":"virtual","13":"sold-individually","14":"taxable","15":"purchasable","16":"product-type-simple"},"yoast_head":"<!-- This site is optimized with the Yoast SEO plugin v27.4 - https:\/\/yoast.com\/product\/yoast-seo-wordpress\/ -->\n<title>Cartes d&#039;affirmations de soi - Espace Melri<\/title>\n<meta name=\"description\" content=\"Le planificateur parfait pour mettre sur papier les id\u00e9es qu&#039;on a en t\u00eate pour un nouveau projet.\u00a0\" \/>\n<meta name=\"robots\" content=\"index, follow, max-snippet:-1, max-image-preview:large, max-video-preview:-1\" \/>\n<link rel=\"canonical\" href=\"https:\/\/espace.melri.com\/en\/boutique\/documents-numeriques\/cartes-affirmations\/\" \/>\n<meta property=\"og:locale\" content=\"en_US\" \/>\n<meta property=\"og:type\" content=\"article\" \/>\n<meta property=\"og:title\" content=\"Cartes d&#039;affirmations de soi - Espace Melri\" \/>\n<meta property=\"og:description\" content=\"Le planificateur parfait pour mettre sur papier les id\u00e9es qu&#039;on a en t\u00eate pour un nouveau projet.\u00a0\" \/>\n<meta property=\"og:url\" content=\"https:\/\/espace.melri.com\/en\/boutique\/documents-numeriques\/cartes-affirmations\/\" \/>\n<meta property=\"og:site_name\" content=\"Espace Melri\" \/>\n<meta property=\"article:modified_time\" content=\"2024-06-01T04:27:00+00:00\" \/>\n<meta property=\"og:image\" content=\"https:\/\/espace.melri.com\/wp-content\/uploads\/2023\/05\/Cartes_affirmations-1-min.jpg\" \/>\n\t<meta property=\"og:image:width\" content=\"2400\" \/>\n\t<meta property=\"og:image:height\" content=\"2400\" \/>\n\t<meta property=\"og:image:type\" content=\"image\/jpeg\" \/>\n<meta name=\"twitter:card\" content=\"summary_large_image\" \/>\n<meta name=\"twitter:label1\" content=\"Est. reading time\" \/>\n\t<meta name=\"twitter:data1\" content=\"1 minute\" \/>\n<script type=\"application\/ld+json\" class=\"yoast-schema-graph\">{\"@context\":\"https:\\\/\\\/schema.org\",\"@graph\":[{\"@type\":\"WebPage\",\"@id\":\"https:\\\/\\\/espace.melri.com\\\/boutique\\\/documents-numeriques\\\/cartes-affirmations\\\/\",\"url\":\"https:\\\/\\\/espace.melri.com\\\/boutique\\\/documents-numeriques\\\/cartes-affirmations\\\/\",\"name\":\"Cartes d'affirmations de soi - Espace Melri\",\"isPartOf\":{\"@id\":\"https:\\\/\\\/espace.melri.com\\\/#website\"},\"primaryImageOfPage\":{\"@id\":\"https:\\\/\\\/espace.melri.com\\\/boutique\\\/documents-numeriques\\\/cartes-affirmations\\\/#primaryimage\"},\"image\":{\"@id\":\"https:\\\/\\\/espace.melri.com\\\/boutique\\\/documents-numeriques\\\/cartes-affirmations\\\/#primaryimage\"},\"thumbnailUrl\":\"https:\\\/\\\/espace.melri.com\\\/wp-content\\\/uploads\\\/2023\\\/05\\\/Cartes_affirmations-1-min.jpg\",\"datePublished\":\"2023-05-17T19:45:59+00:00\",\"dateModified\":\"2024-06-01T04:27:00+00:00\",\"description\":\"Le planificateur parfait pour mettre sur papier les id\u00e9es qu'on a en t\u00eate pour un nouveau projet.\u00a0\",\"breadcrumb\":{\"@id\":\"https:\\\/\\\/espace.melri.com\\\/boutique\\\/documents-numeriques\\\/cartes-affirmations\\\/#breadcrumb\"},\"inLanguage\":\"en-US\",\"potentialAction\":[{\"@type\":\"ReadAction\",\"target\":[\"https:\\\/\\\/espace.melri.com\\\/boutique\\\/documents-numeriques\\\/cartes-affirmations\\\/\"]}]},{\"@type\":\"ImageObject\",\"inLanguage\":\"en-US\",\"@id\":\"https:\\\/\\\/espace.melri.com\\\/boutique\\\/documents-numeriques\\\/cartes-affirmations\\\/#primaryimage\",\"url\":\"https:\\\/\\\/espace.melri.com\\\/wp-content\\\/uploads\\\/2023\\\/05\\\/Cartes_affirmations-1-min.jpg\",\"contentUrl\":\"https:\\\/\\\/espace.melri.com\\\/wp-content\\\/uploads\\\/2023\\\/05\\\/Cartes_affirmations-1-min.jpg\",\"width\":2400,\"height\":2400,\"caption\":\"Cartes affirmations de soi\"},{\"@type\":\"BreadcrumbList\",\"@id\":\"https:\\\/\\\/espace.melri.com\\\/boutique\\\/documents-numeriques\\\/cartes-affirmations\\\/#breadcrumb\",\"itemListElement\":[{\"@type\":\"ListItem\",\"position\":1,\"name\":\"Boutique\",\"item\":\"https:\\\/\\\/espace.melri.com\\\/en\\\/boutique\\\/\"},{\"@type\":\"ListItem\",\"position\":2,\"name\":\"Cartes d&#8217;affirmations de soi\"}]},{\"@type\":\"WebSite\",\"@id\":\"https:\\\/\\\/espace.melri.com\\\/#website\",\"url\":\"https:\\\/\\\/espace.melri.com\\\/\",\"name\":\"Espace Melri\",\"description\":\"Inspire, Organise et Planifie... ton quotidien\",\"potentialAction\":[{\"@type\":\"SearchAction\",\"target\":{\"@type\":\"EntryPoint\",\"urlTemplate\":\"https:\\\/\\\/espace.melri.com\\\/?s={search_term_string}\"},\"query-input\":{\"@type\":\"PropertyValueSpecification\",\"valueRequired\":true,\"valueName\":\"search_term_string\"}}],\"inLanguage\":\"en-US\"}]}<\/script>\n<!-- \/ Yoast SEO plugin. -->","yoast_head_json":{"title":"Cartes d'affirmations de soi - Espace Melri","description":"Le planificateur parfait pour mettre sur papier les id\u00e9es qu'on a en t\u00eate pour un nouveau projet.\u00a0","robots":{"index":"index","follow":"follow","max-snippet":"max-snippet:-1","max-image-preview":"max-image-preview:large","max-video-preview":"max-video-preview:-1"},"canonical":"https:\/\/espace.melri.com\/en\/boutique\/documents-numeriques\/cartes-affirmations\/","og_locale":"en_US","og_type":"article","og_title":"Cartes d'affirmations de soi - Espace Melri","og_description":"Le planificateur parfait pour mettre sur papier les id\u00e9es qu'on a en t\u00eate pour un nouveau projet.\u00a0","og_url":"https:\/\/espace.melri.com\/en\/boutique\/documents-numeriques\/cartes-affirmations\/","og_site_name":"Espace Melri","article_modified_time":"2024-06-01T04:27:00+00:00","og_image":[{"width":2400,"height":2400,"url":"https:\/\/espace.melri.com\/wp-content\/uploads\/2023\/05\/Cartes_affirmations-1-min.jpg","type":"image\/jpeg"}],"twitter_card":"summary_large_image","twitter_misc":{"Est. reading time":"1 minute"},"schema":{"@context":"https:\/\/schema.org","@graph":[{"@type":"WebPage","@id":"https:\/\/espace.melri.com\/boutique\/documents-numeriques\/cartes-affirmations\/","url":"https:\/\/espace.melri.com\/boutique\/documents-numeriques\/cartes-affirmations\/","name":"Cartes d'affirmations de soi - Espace Melri","isPartOf":{"@id":"https:\/\/espace.melri.com\/#website"},"primaryImageOfPage":{"@id":"https:\/\/espace.melri.com\/boutique\/documents-numeriques\/cartes-affirmations\/#primaryimage"},"image":{"@id":"https:\/\/espace.melri.com\/boutique\/documents-numeriques\/cartes-affirmations\/#primaryimage"},"thumbnailUrl":"https:\/\/espace.melri.com\/wp-content\/uploads\/2023\/05\/Cartes_affirmations-1-min.jpg","datePublished":"2023-05-17T19:45:59+00:00","dateModified":"2024-06-01T04:27:00+00:00","description":"Le planificateur parfait pour mettre sur papier les id\u00e9es qu'on a en t\u00eate pour un nouveau projet.\u00a0","breadcrumb":{"@id":"https:\/\/espace.melri.com\/boutique\/documents-numeriques\/cartes-affirmations\/#breadcrumb"},"inLanguage":"en-US","potentialAction":[{"@type":"ReadAction","target":["https:\/\/espace.melri.com\/boutique\/documents-numeriques\/cartes-affirmations\/"]}]},{"@type":"ImageObject","inLanguage":"en-US","@id":"https:\/\/espace.melri.com\/boutique\/documents-numeriques\/cartes-affirmations\/#primaryimage","url":"https:\/\/espace.melri.com\/wp-content\/uploads\/2023\/05\/Cartes_affirmations-1-min.jpg","contentUrl":"https:\/\/espace.melri.com\/wp-content\/uploads\/2023\/05\/Cartes_affirmations-1-min.jpg","width":2400,"height":2400,"caption":"Cartes affirmations de soi"},{"@type":"BreadcrumbList","@id":"https:\/\/espace.melri.com\/boutique\/documents-numeriques\/cartes-affirmations\/#breadcrumb","itemListElement":[{"@type":"ListItem","position":1,"name":"Boutique","item":"https:\/\/espace.melri.com\/en\/boutique\/"},{"@type":"ListItem","position":2,"name":"Cartes d&#8217;affirmations de soi"}]},{"@type":"WebSite","@id":"https:\/\/espace.melri.com\/#website","url":"https:\/\/espace.melri.com\/","name":"Espace Melri","description":"Inspire, Organise et Planifie... ton quotidien","potentialAction":[{"@type":"SearchAction","target":{"@type":"EntryPoint","urlTemplate":"https:\/\/espace.melri.com\/?s={search_term_string}"},"query-input":{"@type":"PropertyValueSpecification","valueRequired":true,"valueName":"search_term_string"}}],"inLanguage":"en-US"}]}},"jetpack_sharing_enabled":true,"_links":{"self":[{"href":"https:\/\/espace.melri.com\/en\/wp-json\/wp\/v2\/product\/1684","targetHints":{"allow":["GET"]}}],"collection":[{"href":"https:\/\/espace.melri.com\/en\/wp-json\/wp\/v2\/product"}],"about":[{"href":"https:\/\/espace.melri.com\/en\/wp-json\/wp\/v2\/types\/product"}],"replies":[{"embeddable":true,"href":"https:\/\/espace.melri.com\/en\/wp-json\/wp\/v2\/comments?post=1684"}],"wp:featuredmedia":[{"embeddable":true,"href":"https:\/\/espace.melri.com\/en\/wp-json\/wp\/v2\/media\/2050"}],"wp:attachment":[{"href":"https:\/\/espace.melri.com\/en\/wp-json\/wp\/v2\/media?parent=1684"}],"wp:term":[{"taxonomy":"product_brand","embeddable":true,"href":"https:\/\/espace.melri.com\/en\/wp-json\/wp\/v2\/product_brand?post=1684"},{"taxonomy":"product_cat","embeddable":true,"href":"https:\/\/espace.melri.com\/en\/wp-json\/wp\/v2\/product_cat?post=1684"},{"taxonomy":"product_tag","embeddable":true,"href":"https:\/\/espace.melri.com\/en\/wp-json\/wp\/v2\/product_tag?post=1684"}],"curies":[{"name":"wp","href":"https:\/\/api.w.org\/{rel}","templated":true}]}}