{"id":3,"date":"2022-06-14T14:35:00","date_gmt":"2022-06-14T18:35:00","guid":{"rendered":"https:\/\/boutique.melri.com\/?page_id=3"},"modified":"2024-02-01T15:44:13","modified_gmt":"2024-02-01T20:44:13","slug":"politiques","status":"publish","type":"page","link":"https:\/\/espace.melri.com\/en\/politiques\/","title":{"rendered":"Policies"},"content":{"rendered":"<div data-elementor-type=\"wp-page\" data-elementor-id=\"3\" class=\"elementor elementor-3\">\n\t\t\t\t\t\t<section class=\"elementor-section elementor-top-section elementor-element elementor-element-6c2075e elementor-section-boxed elementor-section-height-default elementor-section-height-default\" data-id=\"6c2075e\" data-element_type=\"section\">\n\t\t\t\t\t\t<div class=\"elementor-container elementor-column-gap-default\">\n\t\t\t\t\t<div class=\"elementor-column elementor-col-100 elementor-top-column elementor-element elementor-element-e2ef1fb\" data-id=\"e2ef1fb\" data-element_type=\"column\">\n\t\t\t<div class=\"elementor-widget-wrap elementor-element-populated\">\n\t\t\t\t\t\t<div class=\"elementor-element elementor-element-0bcb466 elementor-widget-divider--view-line_text elementor-widget-divider--element-align-center elementor-widget elementor-widget-divider\" data-id=\"0bcb466\" data-element_type=\"widget\" data-widget_type=\"divider.default\">\n\t\t\t\t<div class=\"elementor-widget-container\">\n\t\t\t\t\t\t\t<div class=\"elementor-divider\">\n\t\t\t<span class=\"elementor-divider-separator\">\n\t\t\t\t\t\t\t<h2 class=\"elementor-divider__text elementor-divider__element\">\n\t\t\t\tREAD CAREFULLY\t\t\t\t<\/h2>\n\t\t\t\t\t\t<\/span>\n\t\t<\/div>\n\t\t\t\t\t\t<\/div>\n\t\t\t\t<\/div>\n\t\t\t\t<div class=\"elementor-element elementor-element-04e9635 elementor-widget elementor-widget-text-editor\" data-id=\"04e9635\" data-element_type=\"widget\" data-widget_type=\"text-editor.default\">\n\t\t\t\t<div class=\"elementor-widget-container\">\n\t\t\t\t\t\t\t\t\t<p>En naviguant et en magasinant sur le site espace.melri.com vous acceptez les termes et politiques ci-dessous. Si vous n&rsquo;acceptez ces termes, vous ne devez pas naviguer et acheter sur le site espace.melri.com<span style=\"letter-spacing: 0px;\">.<\/span><\/p>\t\t\t\t\t\t\t\t<\/div>\n\t\t\t\t<\/div>\n\t\t\t\t<div class=\"elementor-element elementor-element-8e7058f elementor-widget elementor-widget-accordion\" data-id=\"8e7058f\" data-element_type=\"widget\" data-widget_type=\"accordion.default\">\n\t\t\t\t<div class=\"elementor-widget-container\">\n\t\t\t\t\t\t\t<div class=\"elementor-accordion\">\n\t\t\t\t\t\t\t<div class=\"elementor-accordion-item\">\n\t\t\t\t\t<div id=\"elementor-tab-title-1491\" class=\"elementor-tab-title\" data-tab=\"1\" role=\"button\" aria-controls=\"elementor-tab-content-1491\" aria-expanded=\"false\">\n\t\t\t\t\t\t\t\t\t\t\t\t\t<span class=\"elementor-accordion-icon elementor-accordion-icon-left\" aria-hidden=\"true\">\n\t\t\t\t\t\t\t\t\t\t\t\t\t\t\t<span class=\"elementor-accordion-icon-closed\"><i class=\"fas fa-chevron-down\"><\/i><\/span>\n\t\t\t\t\t\t\t\t<span class=\"elementor-accordion-icon-opened\"><i class=\"fas fa-minus\"><\/i><\/span>\n\t\t\t\t\t\t\t\t\t\t\t\t\t\t<\/span>\n\t\t\t\t\t\t\t\t\t\t\t\t<a class=\"elementor-accordion-title\" tabindex=\"0\">Terms and conditions<\/a>\n\t\t\t\t\t<\/div>\n\t\t\t\t\t<div id=\"elementor-tab-content-1491\" class=\"elementor-tab-content elementor-clearfix\" data-tab=\"1\" role=\"region\" aria-labelledby=\"elementor-tab-title-1491\"><p>Les conditions g\u00e9n\u00e9rales qui suivent r\u00e9gissent l&rsquo;utilisation de ce site espace.melri.com.<\/p><p>En utilisant ce site, vous indiquez que vous avez lu et compris les conditions d&rsquo;utilisations et que vous acceptez de les respecter en tout temps.<\/p><h3>Intellectual property<\/h3><p>Tout contenu publi\u00e9 et mis \u00e0 disposition sur ce site est la propri\u00e9t\u00e9 de Espace Melri et de ses cr\u00e9ateurs. Cela comprend, mais n&rsquo;est pas limit\u00e9 aux images, textes, logos, documents, fichiers t\u00e9l\u00e9chargeables et tout ce qui contribue \u00e0 la composition de ce site.<\/p><h3>Contribution d&rsquo;utilisateur<\/h3><p>Users may post the following information on our site:<\/p><ul><li>Public Comments<\/li><\/ul><p>En affichant publiquement sur notre site, vous acceptez de ne pas agir ill\u00e9galement ou violer les conditions\u00a0 d&rsquo;utilisation acceptable \u00e9num\u00e9r\u00e9es dans ce document.<\/p><h3>Accounts<\/h3><p>Lorsque vous cr\u00e9ez un compte sur notre site, vous acceptez ce qui suit :<\/p><ol><li>that you are solely responsible for your account and the security and privacy of your account, including any passwords or sensitive information attached to such account, and\u00a0<\/li><li>que tous les renseignements personnels que vous nous fournissez par l&rsquo;entremise de votre compte sont \u00e0 jour, exacts et v\u00e9ridiques et que vous mettrez \u00e0 jour vos renseignements personnels s&rsquo;ils changent.<\/li><\/ol><p>Nous nous r\u00e9servons le droit de suspendre ou r\u00e9silier votre compte si vous utilisez notre site ill\u00e9galement ou si vous violez les conditions d&rsquo;utilisation acceptable.<\/p><h3>Property sales\u00a0<\/h3><p>The properties linked to this document are the properties which are displayed on our site at the time you access it. All information, descriptions or images that we provide about our goods are described and presented with the greatest possible accuracy. However, we are not legally bound by such information, descriptions or images, as we cannot guarantee the accuracy of every product or service we provide. You agree to purchase these services at your own risk.<\/p><h3>Payment<\/h3><p>We accept the following payment methods on the site:<\/p><ul><li>Paypal<\/li><\/ul><p>When you provide your payment information, you confirm to us that you have authorized the use of and access to the payment instrument you have chosen to use. By providing us with your payment details, you confirm that you authorize us to charge the amount due to this payment instrument.<\/p><p>Si nous estimons que votre paiement a viol\u00e9 une loi ou l&rsquo;une de nos conditions d&rsquo;utilisation, nous nous r\u00e9servons le droit d&rsquo;annuler votre transaction.<\/p><h3>Shipping and delivery<\/h3><p>When you make a purchase from our site, you agree and acknowledge that you provide a valid email and shipping address for the order. We reserve the right to modify, reject or cancel your order whenever necessary. If we cancel your order and have processed your payment, we will give you a refund equal to the amount you paid. You agree that it is your responsibility to monitor your payment method. Although we aim to provide you with an estimate of shipping times and costs, these may vary due to unforeseen circumstances.<\/p><h3><b>Limitation of Liability<\/b><\/h3><p>Nous ne serons pas tenus responsables de tout probl\u00e8me d\u00e9coulant de toute utilisation irr\u00e9guli\u00e8re de ce site.<\/p><h3><b>Indemnity<\/b><\/h3><p>En tant qu\u2019utilisateur, vous indemnisez par la pr\u00e9sente Espace Melri de toutes responsabilit\u00e9, de tout co\u00fbt, de toute cause d\u2019action, de tout dommage ou de toute d\u00e9pense d\u00e9coulant de votre utilisation de ce site ou de votre violation de l\u2019une des dispositions \u00e9nonc\u00e9es dans le pr\u00e9sent document.\u00a0<\/p><h3><b>Amendments<\/b><\/h3><p>These terms and conditions may be amended from time to time to maintain compliance with the law and to reflect any changes to the way we run our site and the way we expect users to behave on our site. We recommend that our users check these terms and conditions from time to time to ensure that they are aware of any updates.\u00a0<\/p><h3>Contact<\/h3><p>Veuillez communiquer avec nous si vous avez des questions ou des pr\u00e9occupations en nous \u00e9crivant \u00e0 l\u2019adresse courriel suivante : <a href=\"mailto:info@melri.com\">info@melri.com\u00a0<\/a><\/p><p>Date d&rsquo;entr\u00e9e en vigueur : 11 aout 2022.<\/p><\/div>\n\t\t\t\t<\/div>\n\t\t\t\t\t\t\t<div class=\"elementor-accordion-item\">\n\t\t\t\t\t<div id=\"elementor-tab-title-1492\" class=\"elementor-tab-title\" data-tab=\"2\" role=\"button\" aria-controls=\"elementor-tab-content-1492\" aria-expanded=\"false\">\n\t\t\t\t\t\t\t\t\t\t\t\t\t<span class=\"elementor-accordion-icon elementor-accordion-icon-left\" aria-hidden=\"true\">\n\t\t\t\t\t\t\t\t\t\t\t\t\t\t\t<span class=\"elementor-accordion-icon-closed\"><i class=\"fas fa-chevron-down\"><\/i><\/span>\n\t\t\t\t\t\t\t\t<span class=\"elementor-accordion-icon-opened\"><i class=\"fas fa-minus\"><\/i><\/span>\n\t\t\t\t\t\t\t\t\t\t\t\t\t\t<\/span>\n\t\t\t\t\t\t\t\t\t\t\t\t<a class=\"elementor-accordion-title\" tabindex=\"0\">Privacy Policy<\/a>\n\t\t\t\t\t<\/div>\n\t\t\t\t\t<div id=\"elementor-tab-content-1492\" class=\"elementor-tab-content elementor-clearfix\" data-tab=\"2\" role=\"region\" aria-labelledby=\"elementor-tab-title-1492\"><h3>Who we are<\/h3><p>L&rsquo;adresse de notre site internet est : https:\/\/espace.melri.com.<br \/>La personne responsable de la protection des renseignements personnels est : <strong>M\u00e9lanie Richard<\/strong>.<\/p><h3>Collect of personal information<\/h3><div>We collect the following information:<\/div><ul><li>First and last name<\/li><li>Address<\/li><li>Email<\/li><li>Phone number<\/li><\/ul><p>Les renseignements personnels que nous collectons sont recueillis au travers de formulaires et gr\u00e2ce \u00e0 l\u2019interactivit\u00e9 \u00e9tablie entre vous et notre site Web. Nous utilisons \u00e9galement, comme indiqu\u00e9 dans la section suivante, des fichiers t\u00e9moins et\/ou journaux pour r\u00e9unir des informations vous concernant.<\/p><h4>Forms and interactivity\u00a0<\/h4><p>Vos renseignement personnels sont collect\u00e9s par l&rsquo;entremise des m\u00e9thodes suivantes :<\/p><ul><li>Formulaire d&rsquo;inscription au site web<\/li><li>Order form<\/li><li>Contact form<\/li><li>Sondage d&rsquo;opinion<\/li><li>Contest<\/li><\/ul><p>We use the information thus collected for the following purposes:<\/p><ul><li>Order tracking<\/li><li>Information\/Offre promotionnelle<\/li><li>Statistics<\/li><li>Contact<\/li><li>Website management<\/li><\/ul><p>Vos renseignements personnels sont \u00e9galement collect\u00e9s par le biais de l&rsquo;interactivit\u00e9 pouvant s&rsquo;\u00e9tablir entre vous et notre site web. Ces renseignements sont collect\u00e9s par les moyens suivants :<\/p><ul><li>Comments<\/li><li>Correspondence<\/li><\/ul><p>We use the information thus collected for the following purposes:<\/p><ul><li>Statistics<\/li><li>Contact<\/li><li>Website management<\/li><\/ul><h4>Log files and cookies<\/h4><p>Nous recueillons certaines informations par le biais de fichiers journaux (\u00ab\u00a0log files\u00a0\u00bb) et de fichiers t\u00e9moins (\u00ab\u00a0cookies\u00a0\u00bb). Ces fichiers nous permettent de traiter des statistiques et des informations sur le trafic, de faciliter la navigation et d&rsquo;am\u00e9liorer le service. Il s&rsquo;agit principalement des informations suivantes :<\/p><ul><li>IP address<\/li><li>Place<\/li><li>Syst\u00e8me d&rsquo;exploitation<\/li><li>Pages visited and queries<\/li><li>Time and day of connection<\/li><\/ul><p>Le recours \u00e0 de tels fichiers nous permet d&rsquo;atteindre les objectifs suivants :<\/p><ul><li>Improved service and personalized welcome<\/li><li>Personalized consumption profile<\/li><li>Order tracking<\/li><li>Statistics<\/li><\/ul><h3>Droit d&rsquo;opposition et de retrait<\/h3><p>Nous nous engageons \u00e0 vous offrir un droit d\u2019opposition et de retrait quant \u00e0 vos renseignements personnels.<\/p><p>Le droit d\u2019opposition s\u2019entend comme \u00e9tant la possibilit\u00e9 offerte aux internautes de refuser que leurs renseignements personnels soient utilis\u00e9es \u00e0 certaines fins mentionn\u00e9es lors de la collecte.<\/p><p>Le droit de retrait s\u2019entend comme \u00e9tant la possibilit\u00e9 offerte aux internautes de demander \u00e0 ce que leurs renseignements personnels ne figurent plus, par exemple, dans une liste de diffusion.<\/p><p>Pour pouvoir exercer ces droits, vous pouvez nous contacter en tout temps au <a href=\"mailto:info@melri.com\">info@melri.com<\/a>.<\/p><h4>Droit d&rsquo;acc\u00e8s<\/h4><p>Nous nous engageons \u00e0 reconna\u00eetre un droit d\u2019acc\u00e8s et de rectification aux personnes concern\u00e9es d\u00e9sireuses de consulter, modifier, voire radier les informations les concernant.<\/p><p>Pour pouvoir exercer ces droits, vous pouvez nous contacter en tout temps au <a href=\"mailto:info@melri.com\">info@melri.com<\/a>.<\/p><h3>Security<\/h3><p>The personal information we collect is kept in a secure environment. People working for us are required to respect the confidentiality of your information.<br \/>To ensure the security of your personal information, we use the following measures:<\/p><ul><li>SSL (Secure Sockets Layer) protocol<\/li><li>Access management \u2013 \u200b\u200bauthorized person<\/li><li>Access management \u2013 \u200b\u200bconcerned person<\/li><li>Login password<\/li><li>Sauvegarde informatique<\/li><li>Login password<\/li><\/ul><p>We are committed to maintaining a high degree of confidentiality by integrating the latest technological innovations to ensure the confidentiality of your transactions. However, since no mechanism offers maximum security, some risk is always present when using the Internet to transmit personal information.<\/p><h3>Comments<\/h3><p>When you leave a comment on our site, the data entered in the comment form, but also your IP address and the user agent of your browser are collected to help us detect unwanted comments.<\/p><p>An anonymized string created from your email address (also called a hash) can be sent to the Gravatar service to check if you are using it. The confidentiality clauses of the Gravatar service are available here: https:\/\/automattic.com\/privacy\/. After validation of your comment, your profile photo will be publicly visible next to your comment.<\/p><h3>Medias<\/h3><p>If you upload images to the site, we advise you to avoid uploading images containing EXIF \u200b\u200bdata of GPS coordinates. People visiting your site can download and extract location data from these images.<\/p><h3>Comment utilisons-nous vos renseignements personnels<\/h3><p>Nous utilisons vos renseignements personnels afin de vous fournir nos produits et services et pour exploiter notre entreprise. Nous utilisons souvent les informations que nous recueillons \u00e0 des fins multiples. Par exemple, si vous effectuez un achat sur notre Site, nous recueillons plusieurs types de renseignements aupr\u00e8s de vous et les utilisons de plusieurs mani\u00e8res :<\/p><ul><li>Nous utilisons votre adresse de livraison pour nous assurer que nos produits arrivent \u00e0 votre porte.<\/li><li>\u00a0Nous pouvons \u00e9galement utiliser vos coordonn\u00e9es pour vous envoyer un re\u00e7u d\u2019achat.<\/li><li>Nous pouvons examiner votre exp\u00e9rience sur notre Site pour y apporter des am\u00e9liorations et essayer de l\u2019adapter \u00e0 vos besoins.<\/li><li>Nous analyserons \u00e9galement les donn\u00e9es que vous nous fournissez et votre comportement sur notre Site pour nous assurer que l\u2019activit\u00e9 n\u2019est pas frauduleuse.<\/li><li>Nous utilisons vos informations d\u2019achat \u00e0 d\u2019autres fins commerciales tel que la comptabilit\u00e9 et les rapports financiers.<\/li><li>Nous pouvons \u00e9galement combiner les informations que nous recueillons aupr\u00e8s de vous avec des informations que nous obtenons d\u2019autres sources. Cela peut inclure vos transactions d\u2019achat en ligne et en magasin et d\u2019autres interactions que vous avez avec nous et nos partenaires.<\/li><\/ul><p>Lorsque vous visitez notre site, nous avons un int\u00e9r\u00eat l\u00e9gitime \u00e0 utiliser vos donn\u00e9es de navigation pour am\u00e9liorer sa convivialit\u00e9, et lorsque vous vous engagez avec nous en ligne, nous avons l\u2019obligation l\u00e9gale de nous assurer que vous ne tentez pas de frauder, nous ou nos clients.<\/p><p>Si \u00e0 tout moment vous ne souhaitez plus \u00eatre contact\u00e9 \u00e0 des fins de marketing, vous pouvez cliquer sur le lien en bas de tout message promotionnel ou nous contacter aux coordonn\u00e9es fournies dans la section\u00a0\u00ab Contact\u00bb.<\/p><h3>Cookies<\/h3><p>If you leave a comment on our site, you will be offered to save your name, email address and site in cookies. This is only for your convenience so that you do not have to enter this information if you leave another comment later. These cookies expire after one year.<\/p><p>If you go to the login page, a temporary cookie will be created to determine if your browser accepts cookies. It does not contain personal data and will be deleted automatically when you close your browser.<\/p><p>When you log in, we will set a number of cookies to save your login details and screen preferences. The lifetime of a connection cookie is two days, that of a screen option cookie is one year. If you check \"Remember me\", your login cookie will be stored for two weeks. If you log out of your account, the login cookie will be erased.<\/p><p>By editing or publishing a post, an additional cookie will be saved in your browser. This cookie does not include any personal data. It just shows the ID of the post you just edited. It expires after one day.<\/p><h3>Contenu imbriqu\u00e9 depuis d&rsquo;autres sites<\/h3><p>Articles on this site may include embedded content (e.g. videos, images, articles, etc.). Content embedded from other sites behaves in the same way as if the visitor were to come to that other site.<\/p><p>These websites could collect data about you, use cookies, embed third-party tracking tools, track your interactions with this embedded content if you have an account connected to their website.<\/p><h3>Use and transmission of your personal data<\/h3><p>If you request a password reset, your IP address will be included in the reset email.<\/p><h3>Duration of storage of your data<\/h3><p>If you leave a comment, the comment and its metadata are retained indefinitely. This automatically recognizes and approves subsequent comments instead of leaving them in the moderation queue.<\/p><p>For accounts that register on our site (if applicable), we also store the personal data listed in their profile. All accounts can see, modify or delete their personal information at any time (except their identifier). Site managers can also view and edit this information.<\/p><h3>The rights you have over your data<\/h3><p>If you have an account or if you have left comments on the site, you can request to receive a file containing all the personal data that we have about you, including those that you have provided to us. You can also request the deletion of personal data concerning you. This does not take into account data stored for administrative, legal or security reasons.<\/p><h3>Transmission of your personal data<\/h3><p>Visitor comments may be checked through an automated spam detection service.<\/p><h3>Modification de la politique de confidentialit\u00e9<\/h3><p>Nous nous r\u00e9servons le droit de mettre \u00e0 jour cette politique de confidentialit\u00e9 afin de garantir sa conformit\u00e9 avec le droit en vigueur.<\/p><p>Les modifications seront publi\u00e9es sur cette page avec la date de mise \u00e0 jour correspondante.<\/p><h3>Contact information<\/h3><p>Vous pouvez nous contacter en tout temps via l&rsquo;adresse courriel suivante : <a href=\"mailto:info@melri.com\">info@melri.com<\/a><\/p><p>Derni\u00e8re mise \u00e0 jour : 6 octobre 2023<\/p><\/div>\n\t\t\t\t<\/div>\n\t\t\t\t\t\t\t<div class=\"elementor-accordion-item\">\n\t\t\t\t\t<div id=\"elementor-tab-title-1493\" class=\"elementor-tab-title\" data-tab=\"3\" role=\"button\" aria-controls=\"elementor-tab-content-1493\" aria-expanded=\"false\">\n\t\t\t\t\t\t\t\t\t\t\t\t\t<span class=\"elementor-accordion-icon elementor-accordion-icon-left\" aria-hidden=\"true\">\n\t\t\t\t\t\t\t\t\t\t\t\t\t\t\t<span class=\"elementor-accordion-icon-closed\"><i class=\"fas fa-chevron-down\"><\/i><\/span>\n\t\t\t\t\t\t\t\t<span class=\"elementor-accordion-icon-opened\"><i class=\"fas fa-minus\"><\/i><\/span>\n\t\t\t\t\t\t\t\t\t\t\t\t\t\t<\/span>\n\t\t\t\t\t\t\t\t\t\t\t\t<a class=\"elementor-accordion-title\" tabindex=\"0\">Rights reserved<\/a>\n\t\t\t\t\t<\/div>\n\t\t\t\t\t<div id=\"elementor-tab-content-1493\" class=\"elementor-tab-content elementor-clearfix\" data-tab=\"3\" role=\"region\" aria-labelledby=\"elementor-tab-title-1493\"><p>Tous les \u00e9l\u00e9ments pr\u00e9sents sur espace.melri.com incluant les textes, images, vid\u00e9os, extraits sonores, etc., sont soumis au droit d\u2019auteur.<\/p><p>Reproduction forbidden.<\/p><\/div>\n\t\t\t\t<\/div>\n\t\t\t\t\t\t\t\t<\/div>\n\t\t\t\t\t\t<\/div>\n\t\t\t\t<\/div>\n\t\t\t\t\t<\/div>\n\t\t<\/div>\n\t\t\t\t\t<\/div>\n\t\t<\/section>\n\t\t\t\t<\/div>","protected":false},"excerpt":{"rendered":"<p>\u00c0 LIRE ATTENTIVEMENT En naviguant et en magasinant sur le site espace.melri.com vous acceptez les termes et politiques ci-dessous. Si vous n&rsquo;acceptez ces termes, vous ne devez pas naviguer et [&hellip;]<\/p>\n","protected":false},"author":1,"featured_media":0,"parent":0,"menu_order":0,"comment_status":"closed","ping_status":"open","template":"","meta":{"footnotes":""},"class_list":["post-3","page","type-page","status-publish","hentry"],"yoast_head":"<!-- This site is optimized with the Yoast SEO plugin v27.6 - https:\/\/yoast.com\/product\/yoast-seo-wordpress\/ -->\n<title>Politiques - Espace Melri<\/title>\n<meta name=\"robots\" content=\"index, follow, max-snippet:-1, max-image-preview:large, max-video-preview:-1\" \/>\n<link rel=\"canonical\" href=\"https:\/\/espace.melri.com\/en\/politiques\/\" \/>\n<meta property=\"og:locale\" content=\"en_US\" \/>\n<meta property=\"og:type\" content=\"article\" \/>\n<meta property=\"og:title\" content=\"Politiques - Espace Melri\" \/>\n<meta property=\"og:description\" content=\"\u00c0 LIRE ATTENTIVEMENT En naviguant et en magasinant sur le site espace.melri.com vous acceptez les termes et politiques ci-dessous. Si vous n&rsquo;acceptez ces termes, vous ne devez pas naviguer et [&hellip;]\" \/>\n<meta property=\"og:url\" content=\"https:\/\/espace.melri.com\/en\/politiques\/\" \/>\n<meta property=\"og:site_name\" content=\"Espace Melri\" \/>\n<meta property=\"article:modified_time\" content=\"2024-02-01T20:44:13+00:00\" \/>\n<meta name=\"twitter:card\" content=\"summary_large_image\" \/>\n<meta name=\"twitter:label1\" content=\"Est. reading time\" \/>\n\t<meta name=\"twitter:data1\" content=\"12 minutes\" \/>\n<script type=\"application\/ld+json\" class=\"yoast-schema-graph\">{\"@context\":\"https:\\\/\\\/schema.org\",\"@graph\":[{\"@type\":\"WebPage\",\"@id\":\"https:\\\/\\\/espace.melri.com\\\/politiques\\\/\",\"url\":\"https:\\\/\\\/espace.melri.com\\\/politiques\\\/\",\"name\":\"Politiques - Espace Melri\",\"isPartOf\":{\"@id\":\"https:\\\/\\\/espace.melri.com\\\/#website\"},\"datePublished\":\"2022-06-14T18:35:00+00:00\",\"dateModified\":\"2024-02-01T20:44:13+00:00\",\"inLanguage\":\"en-US\",\"potentialAction\":[{\"@type\":\"ReadAction\",\"target\":[\"https:\\\/\\\/espace.melri.com\\\/politiques\\\/\"]}]},{\"@type\":\"WebSite\",\"@id\":\"https:\\\/\\\/espace.melri.com\\\/#website\",\"url\":\"https:\\\/\\\/espace.melri.com\\\/\",\"name\":\"Espace Melri\",\"description\":\"Inspire, Organise et Planifie... ton quotidien\",\"potentialAction\":[{\"@type\":\"SearchAction\",\"target\":{\"@type\":\"EntryPoint\",\"urlTemplate\":\"https:\\\/\\\/espace.melri.com\\\/?s={search_term_string}\"},\"query-input\":{\"@type\":\"PropertyValueSpecification\",\"valueRequired\":true,\"valueName\":\"search_term_string\"}}],\"inLanguage\":\"en-US\"}]}<\/script>\n<!-- \/ Yoast SEO plugin. -->","yoast_head_json":{"title":"Politiques - Espace Melri","robots":{"index":"index","follow":"follow","max-snippet":"max-snippet:-1","max-image-preview":"max-image-preview:large","max-video-preview":"max-video-preview:-1"},"canonical":"https:\/\/espace.melri.com\/en\/politiques\/","og_locale":"en_US","og_type":"article","og_title":"Politiques - Espace Melri","og_description":"\u00c0 LIRE ATTENTIVEMENT En naviguant et en magasinant sur le site espace.melri.com vous acceptez les termes et politiques ci-dessous. Si vous n&rsquo;acceptez ces termes, vous ne devez pas naviguer et [&hellip;]","og_url":"https:\/\/espace.melri.com\/en\/politiques\/","og_site_name":"Espace Melri","article_modified_time":"2024-02-01T20:44:13+00:00","twitter_card":"summary_large_image","twitter_misc":{"Est. reading time":"12 minutes"},"schema":{"@context":"https:\/\/schema.org","@graph":[{"@type":"WebPage","@id":"https:\/\/espace.melri.com\/politiques\/","url":"https:\/\/espace.melri.com\/politiques\/","name":"Politiques - Espace Melri","isPartOf":{"@id":"https:\/\/espace.melri.com\/#website"},"datePublished":"2022-06-14T18:35:00+00:00","dateModified":"2024-02-01T20:44:13+00:00","inLanguage":"en-US","potentialAction":[{"@type":"ReadAction","target":["https:\/\/espace.melri.com\/politiques\/"]}]},{"@type":"WebSite","@id":"https:\/\/espace.melri.com\/#website","url":"https:\/\/espace.melri.com\/","name":"Espace Melri","description":"Inspire, Organise et Planifie... ton quotidien","potentialAction":[{"@type":"SearchAction","target":{"@type":"EntryPoint","urlTemplate":"https:\/\/espace.melri.com\/?s={search_term_string}"},"query-input":{"@type":"PropertyValueSpecification","valueRequired":true,"valueName":"search_term_string"}}],"inLanguage":"en-US"}]}},"jetpack_sharing_enabled":true,"_links":{"self":[{"href":"https:\/\/espace.melri.com\/en\/wp-json\/wp\/v2\/pages\/3","targetHints":{"allow":["GET"]}}],"collection":[{"href":"https:\/\/espace.melri.com\/en\/wp-json\/wp\/v2\/pages"}],"about":[{"href":"https:\/\/espace.melri.com\/en\/wp-json\/wp\/v2\/types\/page"}],"author":[{"embeddable":true,"href":"https:\/\/espace.melri.com\/en\/wp-json\/wp\/v2\/users\/1"}],"replies":[{"embeddable":true,"href":"https:\/\/espace.melri.com\/en\/wp-json\/wp\/v2\/comments?post=3"}],"version-history":[{"count":109,"href":"https:\/\/espace.melri.com\/en\/wp-json\/wp\/v2\/pages\/3\/revisions"}],"predecessor-version":[{"id":2233,"href":"https:\/\/espace.melri.com\/en\/wp-json\/wp\/v2\/pages\/3\/revisions\/2233"}],"wp:attachment":[{"href":"https:\/\/espace.melri.com\/en\/wp-json\/wp\/v2\/media?parent=3"}],"curies":[{"name":"wp","href":"https:\/\/api.w.org\/{rel}","templated":true}]}}